{"id":2,"date":"2013-12-23T16:03:17","date_gmt":"2013-12-23T16:03:17","guid":{"rendered":"http:\/\/law-office-aj.psco.de\/?page_id=2"},"modified":"2014-07-11T00:50:44","modified_gmt":"2014-07-10T22:50:44","slug":"sample-page","status":"publish","type":"page","link":"https:\/\/law-office-aj.psco.de\/","title":{"rendered":"Informationen zum Blog"},"content":{"rendered":"<div>\n<p style=\"margin-bottom: 0cm;\"><strong>\u00a0<\/strong><\/p>\n<\/div>\n<p>Herzlich Willkommen auf unserem Blog!<\/p>\n<p>Hier ist das Diskussionsforum f\u00fcr Themen zum Englischen Recht und Europarecht.<\/p>\n<p>Erfahrungen, Fragen, intellektueller Austausch, Aktuelles in der Gesetzgebung und Entwicklungen in der Rechtsprechung finden hier ihren Platz.<\/p>\n<p>Wir freuen uns auf Ihre Kommentare \/ Diskussionen!<\/p>\n<p>Gerne nehmen wir auch neue Beitr\u00e4ge zu diesem Themenkomplex auf.<\/p>\n<p>Anke (aj)<\/p>\n<p><a href=\"https:\/\/law-office-aj.psco.de\/wp-content\/uploads\/2013\/12\/Rose.jpg\"><img loading=\"lazy\" decoding=\"async\" class=\"alignnone size-medium wp-image-181\" src=\"https:\/\/law-office-aj.psco.de\/wp-content\/uploads\/2013\/12\/Rose-225x300.jpg\" alt=\"\" width=\"225\" height=\"300\" srcset=\"https:\/\/law-office-aj.psco.de\/wp-content\/uploads\/2013\/12\/Rose-225x300.jpg 225w, https:\/\/law-office-aj.psco.de\/wp-content\/uploads\/2013\/12\/Rose.jpg 360w\" sizes=\"auto, (max-width: 225px) 100vw, 225px\" \/><\/a><\/p>\n<div>\n<div>\n<p style=\"margin-bottom: 0cm;\"><strong>Blogetiquette &#8211; Regeln f\u00fcr diesen Blog<\/strong><\/p>\n<p style=\"margin-bottom: 0cm;\">Kommentare werden durch uns moderiert und derzeit automatisch freigeschaltet. Ihre Kommentare sollten mit dem Thema der Diskussion verbunden sein und sich auf den kommentierten Beitrag beziehen. Die Redaktion beh\u00e4lt sich vor, Beitr\u00e4ge, die sehr vom Thema abweichen, zu l\u00f6schen, oder \u00e4hnlich lautende Beitr\u00e4ge zusammenzufassen.<\/p>\n<p style=\"margin-bottom: 0cm;\">Pers\u00f6nliche Beleidigungen, sexuelle Bel\u00e4stigungen, Diskriminierungen, Drohungen, antisemitische und rassistische Aussagen, jede Art von strafbaren \u00c4u\u00dferungen und Leserkommentare, die offensichtlich nur verfasst wurden, um die Diskussion zu st\u00f6ren oder zu provozieren, werden wir l\u00f6schen. Der Missbrauch der Kommentarfunktion als Werbefl\u00e4che f\u00fcr Webseiten oder Dienste wie auch das kommerzielle oder private Anbieten von Waren oder Dienstleistungen ist verboten und f\u00fchrt zur L\u00f6schung von Beitr\u00e4gen.<\/p>\n<p style=\"margin-bottom: 0cm;\">Zitate k\u00f6nnen wir nur ver\u00f6ffentlichen, wenn Quelle und Urheber(in) genannt sind. Kommentare, die Links enthalten, k\u00f6nnen wir nicht freischalten, da es unsere M\u00f6glichkeiten \u00fcbersteigt zu \u00fcberpr\u00fcfen, ob die Zielseiten gegen geltendes Recht versto\u00dfen.<\/p>\n<p style=\"margin-bottom: 0cm;\">Wenn Sie der Meinung sind, dass wir unsere Regeln zu streng oder zu locker auslegen, schreiben Sie bitte an aj@kanzlei-junghaenel.de.<\/p>\n<p style=\"margin-bottom: 0cm;\">Grunds\u00e4tzlich behalten wir uns vor, Themen, Beitr\u00e4ge oder Kommentare zu l\u00f6schen, zu bearbeiten, zu verschieben und Diskussionen abzuschlie\u00dfen.<\/p>\n<p style=\"margin-bottom: 0cm;\">Mit der Nutzung der Kommentarfunktion erkennen Sie diese Prinzipien an und geben uns gleichzeitig das Recht, Ihren Kommentar dauerhaft auf den Blog-Seiten vorzuhalten.<\/p>\n<p>&nbsp;<\/p>\n<\/div>\n<\/div>\n","protected":false},"excerpt":{"rendered":"<p>\u00a0 Herzlich Willkommen auf unserem Blog! Hier ist das Diskussionsforum f\u00fcr Themen zum Englischen Recht und Europarecht. Erfahrungen, Fragen, intellektueller Austausch, Aktuelles in der Gesetzgebung und Entwicklungen in der Rechtsprechung finden hier ihren Platz. Wir freuen uns auf Ihre Kommentare \/ Diskussionen! Gerne nehmen wir auch neue Beitr\u00e4ge zu diesem Themenkomplex auf. Anke (aj) Blogetiquette &hellip; <a href=\"https:\/\/law-office-aj.psco.de\/\" class=\"more-link\"><span class=\"screen-reader-text\">Informationen zum Blog<\/span> weiterlesen <span class=\"meta-nav\">&rarr;<\/span><\/a><\/p>\n","protected":false},"author":2,"featured_media":0,"parent":0,"menu_order":0,"comment_status":"open","ping_status":"closed","template":"","meta":{"footnotes":""},"class_list":["post-2","page","type-page","status-publish","hentry"],"_links":{"self":[{"href":"https:\/\/law-office-aj.psco.de\/index.php?rest_route=\/wp\/v2\/pages\/2","targetHints":{"allow":["GET"]}}],"collection":[{"href":"https:\/\/law-office-aj.psco.de\/index.php?rest_route=\/wp\/v2\/pages"}],"about":[{"href":"https:\/\/law-office-aj.psco.de\/index.php?rest_route=\/wp\/v2\/types\/page"}],"author":[{"embeddable":true,"href":"https:\/\/law-office-aj.psco.de\/index.php?rest_route=\/wp\/v2\/users\/2"}],"replies":[{"embeddable":true,"href":"https:\/\/law-office-aj.psco.de\/index.php?rest_route=%2Fwp%2Fv2%2Fcomments&post=2"}],"version-history":[{"count":29,"href":"https:\/\/law-office-aj.psco.de\/index.php?rest_route=\/wp\/v2\/pages\/2\/revisions"}],"predecessor-version":[{"id":231,"href":"https:\/\/law-office-aj.psco.de\/index.php?rest_route=\/wp\/v2\/pages\/2\/revisions\/231"}],"wp:attachment":[{"href":"https:\/\/law-office-aj.psco.de\/index.php?rest_route=%2Fwp%2Fv2%2Fmedia&parent=2"}],"curies":[{"name":"wp","href":"https:\/\/api.w.org\/{rel}","templated":true}]}}