{"id":4,"date":"2013-12-23T16:43:43","date_gmt":"2013-12-23T16:43:43","guid":{"rendered":"http:\/\/law-office-aj.psco.de\/?page_id=4"},"modified":"2014-07-11T00:50:19","modified_gmt":"2014-07-10T22:50:19","slug":"englisches-erbrecht","status":"publish","type":"page","link":"https:\/\/law-office-aj.psco.de\/?page_id=4","title":{"rendered":"Englisches Erbrecht"},"content":{"rendered":"<p>Viele Engl\u00e4nder haben in Deutschland Familien gegr\u00fcndet, sind aber mit ihrer Heimat verwurzelt geblieben. Oft sichern sie sich und ihre Familien finanziell ab, indem sie gro\u00dfe Teile ihres Geldverm\u00f6gens auf englischen Banken deponieren, insbesondere auch bei Banken auf den Kanalinseln.<\/p>\n<p>Im Falle des Todes ist es f\u00fcr die Hinterbliebenen in Deutschland nicht einfach, das Erbe abzuwickeln und \u00fcber das Geld zu verf\u00fcgen.<\/p>\n<p>Selbst wenn ein deutsches Testament und ein deutscher Erbschein vorliegt, sind die englischen Bank oftmals nicht bereit, das Geld zu transferieren. Es wird zumeist ein englischer Erbschein verlangt. Einen solchen zu beantragen ist jedoch mit Zeit, Kosten und vielen M\u00fchen verbunden.<\/p>\n<p>Es gibt grunds\u00e4tzlich in jedem englisch-deutschen Erbfall verschiedene praktische Fragen, die vorab gekl\u00e4rt werden m\u00fcssen:<\/p>\n<p>a. Liegt ein g\u00fcltiges Testament vor oder verstarb der Erblasser ohne dies?<\/p>\n<p>b. Wo befindet sich das Verm\u00f6gen des Erblassers? Wie ist es aufgeteilt? Falls Geldverm\u00f6gen vorhanden ist, bei welchen Banken befindet es sich und wo? Wenn Grundbesitz vorhanden sein sollte, dann stellt sich die Frage in welchem Land bzw. welchen L\u00e4ndern?<\/p>\n<p>Sind die praktischen Fragen gekl\u00e4rt und die entsprechenden Belege zusammengetragen, dann ist als n\u00e4chstes hier zu kl\u00e4ren, welches Recht anzuwenden ist auf welches Verm\u00f6gen.<\/p>\n<p>Dieser Blog soll dazu beitragen, die praktischen Fragen solcher Erbf\u00e4lle zu er\u00f6rtern und juristische\u00a0 Anregungen zu erhalten. Er kann keinesfalls eine rechtliche Beratung im Einzelfall ersetzten.<\/p>\n<p><a href=\"https:\/\/law-office-aj.psco.de\/wp-content\/uploads\/2013\/12\/Foto-f\u00fcr-Englisches-Erbrecht.jpg\"><img loading=\"lazy\" decoding=\"async\" class=\"alignnone size-medium wp-image-136\" src=\"https:\/\/law-office-aj.psco.de\/wp-content\/uploads\/2013\/12\/Foto-f\u00fcr-Englisches-Erbrecht-225x300.jpg\" alt=\"Foto f\u00fcr Englisches Erbrecht\" width=\"225\" height=\"300\" srcset=\"https:\/\/law-office-aj.psco.de\/wp-content\/uploads\/2013\/12\/Foto-f\u00fcr-Englisches-Erbrecht-225x300.jpg 225w, https:\/\/law-office-aj.psco.de\/wp-content\/uploads\/2013\/12\/Foto-f\u00fcr-Englisches-Erbrecht.jpg 360w\" sizes=\"auto, (max-width: 225px) 100vw, 225px\" \/><\/a><\/p>\n","protected":false},"excerpt":{"rendered":"<p>Viele Engl\u00e4nder haben in Deutschland Familien gegr\u00fcndet, sind aber mit ihrer Heimat verwurzelt geblieben. Oft sichern sie sich und ihre Familien finanziell ab, indem sie gro\u00dfe Teile ihres Geldverm\u00f6gens auf englischen Banken deponieren, insbesondere auch bei Banken auf den Kanalinseln. Im Falle des Todes ist es f\u00fcr die Hinterbliebenen in Deutschland nicht einfach, das Erbe &hellip; <a href=\"https:\/\/law-office-aj.psco.de\/?page_id=4\" class=\"more-link\"><span class=\"screen-reader-text\">Englisches Erbrecht<\/span> weiterlesen <span class=\"meta-nav\">&rarr;<\/span><\/a><\/p>\n","protected":false},"author":2,"featured_media":0,"parent":0,"menu_order":0,"comment_status":"open","ping_status":"closed","template":"","meta":{"footnotes":""},"class_list":["post-4","page","type-page","status-publish","hentry"],"_links":{"self":[{"href":"https:\/\/law-office-aj.psco.de\/index.php?rest_route=\/wp\/v2\/pages\/4","targetHints":{"allow":["GET"]}}],"collection":[{"href":"https:\/\/law-office-aj.psco.de\/index.php?rest_route=\/wp\/v2\/pages"}],"about":[{"href":"https:\/\/law-office-aj.psco.de\/index.php?rest_route=\/wp\/v2\/types\/page"}],"author":[{"embeddable":true,"href":"https:\/\/law-office-aj.psco.de\/index.php?rest_route=\/wp\/v2\/users\/2"}],"replies":[{"embeddable":true,"href":"https:\/\/law-office-aj.psco.de\/index.php?rest_route=%2Fwp%2Fv2%2Fcomments&post=4"}],"version-history":[{"count":7,"href":"https:\/\/law-office-aj.psco.de\/index.php?rest_route=\/wp\/v2\/pages\/4\/revisions"}],"predecessor-version":[{"id":230,"href":"https:\/\/law-office-aj.psco.de\/index.php?rest_route=\/wp\/v2\/pages\/4\/revisions\/230"}],"wp:attachment":[{"href":"https:\/\/law-office-aj.psco.de\/index.php?rest_route=%2Fwp%2Fv2%2Fmedia&parent=4"}],"curies":[{"name":"wp","href":"https:\/\/api.w.org\/{rel}","templated":true}]}}