{"id":7,"date":"2013-12-23T16:49:50","date_gmt":"2013-12-23T16:49:50","guid":{"rendered":"http:\/\/law-office-aj.psco.de\/?page_id=7"},"modified":"2014-07-11T00:48:23","modified_gmt":"2014-07-10T22:48:23","slug":"british-armee-pension-sharing","status":"publish","type":"page","link":"https:\/\/law-office-aj.psco.de\/?page_id=7","title":{"rendered":"British Armee Pension Sharing"},"content":{"rendered":"<p>Viele deutsche Frauen sind mit britischen Soldaten verheiratet und stehen beim Scheitern dieser Ehen vor besonderen Herausforderungen finanzieller Art. Oftmals waren sie w\u00e4hrend der Ehe wenig oder gar nicht sozialversicherungspflichtig besch\u00e4ftigt und haben kaum eigene Rentenanwartschaften erworben. Nach dem Scheitern der oftmals langj\u00e4hrigen Ehe ist dann die finanzielle Absicherung des Alters ein zentrales Anliegen dieser Frauen. Viele dieser Frauen stellen sich die Frage wie an einen angemessenen Teil der Britischen Armeerente des baldigen Ex-Ehemannzu kommen ist, wenn sie selber in Deutschland leben? Wie verh\u00e4lt es sich, wenn der baldige Ex-Ehemann britischer Soldat ist und nich tmehr in Deutschland stationiert ist oder aber wenn er gar kein Soldat mehr ist, aber noch in Deutschland lebt oder in Gro\u00df Britannien?<\/p>\n<p>Es sind auch weitere Aspekte zu bedenken und zwar:<\/p>\n<p>a. Welches ist die gesetzliche Grundlage f\u00fcr einen britischen Versorgungsausgleich, n\u00e4mlich insbesondere dem\u00a0\u00a0Pension-Sharing-Anspruch?<\/p>\n<p>b. Was ist beim deutschen Gericht zu beachten im deutschen Scheidungsverfahren?<\/p>\n<p>c. Kann eine Regelung \u00fcber dieses Thema in einer Scheidungsfolgenvereinbarung zwischen den Ehepartnerbzw. Ex-Ehepartner getroffen werden? Was ist dabei zu beachten?<\/p>\n<p>d. Wie kann die Ehefrau eine aktuelle Auskunft \u00fcber die Armeerentenanwartschaften des Ehemannes bekommen? Wozu ist der Ehemann verpflichtet?<\/p>\n<p>e. Wie und mit wem kann vor einem englischen Gericht der Anspruch auf ein Pension Sharing beantragt und durchgesetzt werden?<\/p>\n<p>f. Nach welcher Formel wird der Anteil des Ehepartner an der Armeerente des anderen Ehepartner allgemein berechnet?<\/p>\n<p>Diese Blogs sollen dazu beitragen, solche F\u00e4lle zu er\u00f6rtern und juristische Anregungen zu erhalten. Er kann keinesfalls eine rechtliche Beratung im Einzelfall ersetzten.<\/p>\n<p><a href=\"https:\/\/law-office-aj.psco.de\/wp-content\/uploads\/2013\/12\/Foto-f\u00fcr-British-Armee-Pension-Sharing.jpg\"><img loading=\"lazy\" decoding=\"async\" class=\"alignnone size-medium wp-image-134\" src=\"https:\/\/law-office-aj.psco.de\/wp-content\/uploads\/2013\/12\/Foto-f\u00fcr-British-Armee-Pension-Sharing-225x300.jpg\" alt=\"Foto f\u00fcr British Armee Pension Sharing\" width=\"225\" height=\"300\" srcset=\"https:\/\/law-office-aj.psco.de\/wp-content\/uploads\/2013\/12\/Foto-f\u00fcr-British-Armee-Pension-Sharing-225x300.jpg 225w, https:\/\/law-office-aj.psco.de\/wp-content\/uploads\/2013\/12\/Foto-f\u00fcr-British-Armee-Pension-Sharing.jpg 360w\" sizes=\"auto, (max-width: 225px) 100vw, 225px\" \/><\/a><\/p>\n<p>&nbsp;<\/p>\n","protected":false},"excerpt":{"rendered":"<p>Viele deutsche Frauen sind mit britischen Soldaten verheiratet und stehen beim Scheitern dieser Ehen vor besonderen Herausforderungen finanzieller Art. Oftmals waren sie w\u00e4hrend der Ehe wenig oder gar nicht sozialversicherungspflichtig besch\u00e4ftigt und haben kaum eigene Rentenanwartschaften erworben. Nach dem Scheitern der oftmals langj\u00e4hrigen Ehe ist dann die finanzielle Absicherung des Alters ein zentrales Anliegen dieser &hellip; <a href=\"https:\/\/law-office-aj.psco.de\/?page_id=7\" class=\"more-link\"><span class=\"screen-reader-text\">British Armee Pension Sharing<\/span> weiterlesen <span class=\"meta-nav\">&rarr;<\/span><\/a><\/p>\n","protected":false},"author":2,"featured_media":0,"parent":0,"menu_order":0,"comment_status":"open","ping_status":"closed","template":"","meta":{"footnotes":""},"class_list":["post-7","page","type-page","status-publish","hentry"],"_links":{"self":[{"href":"https:\/\/law-office-aj.psco.de\/index.php?rest_route=\/wp\/v2\/pages\/7","targetHints":{"allow":["GET"]}}],"collection":[{"href":"https:\/\/law-office-aj.psco.de\/index.php?rest_route=\/wp\/v2\/pages"}],"about":[{"href":"https:\/\/law-office-aj.psco.de\/index.php?rest_route=\/wp\/v2\/types\/page"}],"author":[{"embeddable":true,"href":"https:\/\/law-office-aj.psco.de\/index.php?rest_route=\/wp\/v2\/users\/2"}],"replies":[{"embeddable":true,"href":"https:\/\/law-office-aj.psco.de\/index.php?rest_route=%2Fwp%2Fv2%2Fcomments&post=7"}],"version-history":[{"count":5,"href":"https:\/\/law-office-aj.psco.de\/index.php?rest_route=\/wp\/v2\/pages\/7\/revisions"}],"predecessor-version":[{"id":229,"href":"https:\/\/law-office-aj.psco.de\/index.php?rest_route=\/wp\/v2\/pages\/7\/revisions\/229"}],"wp:attachment":[{"href":"https:\/\/law-office-aj.psco.de\/index.php?rest_route=%2Fwp%2Fv2%2Fmedia&parent=7"}],"curies":[{"name":"wp","href":"https:\/\/api.w.org\/{rel}","templated":true}]}}